{"id":614,"date":"2019-07-19T00:09:07","date_gmt":"2019-07-18T22:09:07","guid":{"rendered":"http:\/\/impartial-software.com\/iswp2017\/?page_id=614"},"modified":"2022-11-16T13:52:10","modified_gmt":"2022-11-16T12:52:10","slug":"politique-de-confidentialite","status":"publish","type":"page","link":"https:\/\/impartial-software.com\/iswp2017\/politique-de-confidentialite\/","title":{"rendered":"Politique de confidentialit\u00e9"},"content":{"rendered":"<p>Politique de confidentialit\u00e9<br \/>\nDerni\u00e8re mise \u00e0 jour : 25 mai 2018<\/p>\n<p>Objet : La pr\u00e9sente politique de confidentialit\u00e9 s\u2019applique au site internet de la soci\u00e9t\u00e9 IMPARTIAL SOFTWARE, accessible \u00e0 partir de l\u2019URL https:\/\/impartial-software.com ainsi qu\u2019au service administratif de la dite association.<\/p>\n<p>Conform\u00e9ment au R\u00e8glement G\u00e9n\u00e9ral sur la Protection des Donn\u00e9es adopt\u00e9 par le Parlement europ\u00e9en le 14 avril 2016, et \u00e0 la Loi Informatique et Libert\u00e9 du 6 janvier 1978 modifi\u00e9e, la soci\u00e9t\u00e9 IMPARTIAL SOFTWARE vous informe des points suivants :<\/p>\n<p>Identit\u00e9 du responsable du traitement :<\/p>\n<p>IMPARTIAL SOFTWARE &#8211; G\u00e9rant Emmanuel de Roug\u00e9<br \/>\nLa LONGANIERE (MARIGNE) &#8211; 49330 LES HAUTS D&rsquo;ANJOU<br \/>\nTel : 02 41 69 20 45 \u2013 Email : contact@impartial-software.com \u2013 SIRET : 481 225 977 00018<\/p>\n<p>G\u00e9n\u00e9ralit\u00e9 : Il vous est possible de consulter notre site https:\/\/impartial-software.com&nbsp;librement sans entrer d\u2019information personnelle par formulaire d\u2019enregistrement ou de contact.<\/p>\n<p>Utilisation des cookies : le site utilise des cookies aux seules fins d\u2019analyser le trafic (google analytics) sur celui-ci. Il ne m\u00e9morise aucunement vos habitudes ou vos comportements sur le site. Veuillez consulter la politique de confidentialit\u00e9 de Google Anaytics pour plus d\u2019informations<\/p>\n<p>Collecte et transmission des donn\u00e9es personnelles : le site https:\/\/impartial-software.com vous permet d\u2019entrez des donn\u00e9es personnelles dans un formulaire, celles-ci sont envoy\u00e9es par messagerie s\u00e9curis\u00e9e (TLS) au service administratif de la soci\u00e9t\u00e9 IMPARTIAL SOFTWARE. Vos donn\u00e9es personnelles sont aussi collect\u00e9es lorsque vous vous inscrivez, par t\u00e9l\u00e9phone ou par messagerie \u00e9lectronique aux services de la soci\u00e9t\u00e9.<\/p>\n<p>Les donn\u00e9es personnelles ne sont pas stock\u00e9es sur les bases de donn\u00e9es du serveur.<\/p>\n<p>Conservation des donn\u00e9es personnelles : les donn\u00e9es personnelle collect\u00e9es sont conserv\u00e9es pour une dur\u00e9e maximale de 5 ans au service administratif de la soci\u00e9t\u00e9 IMPARTIAL SOFTWARE.<\/p>\n<p>Transmission des donn\u00e9es personnelles : aucune donn\u00e9e personnelle n\u2019est transmise \u00e0 une personne ou un organisme ext\u00e9rieur \u00e0 l\u2019association, par quelque moyen que ce soit.<\/p>\n<p>La nature des informations personnelles conserv\u00e9es sont : le pr\u00e9nom, le nom, l\u2019adresse compl\u00e8te, le n\u00b0 de t\u00e9l\u00e9phone ou mobile et la date de derni\u00e8re inscription. Ces informations sont saisie manuellement dans un fichier excel situ\u00e9 sur un ordinateur prot\u00e9g\u00e9 par mot de passe fort, lui-m\u00eame situ\u00e9 dans un local dont l\u2019acc\u00e8s est r\u00e9glement\u00e9 et contr\u00f4l\u00e9 par un code d\u2019acc\u00e8s.<\/p>\n<p>Traitements effectu\u00e9s sur les donn\u00e9es personnelles : messages d\u2019informations sur les produits et services de la soci\u00e9t\u00e9.<\/p>\n<p>Droits d\u2019acc\u00e8s de rectification et d\u2019effacement des donn\u00e9es : conform\u00e9ment aux articles 38 \u00e0 40 de la loi du 6 janvier 1978 modifi\u00e9e en ao\u00fbt 2004, vous disposez d\u2019un droit d\u2019acc\u00e8s, de rectification et d\u2019effacement concernant vos informations personnelles. Conform\u00e9ment \u00e0 l\u2019article 94 du d\u00e9cret du 20 octobre 2005 pris pour l\u2019application de la loi du 6 janvier 1978 modifi\u00e9e, vos demandes d\u2019acc\u00e8s, de rectification et d\u2019effacement seront ex\u00e9cut\u00e9es dans un d\u00e9lai maximal de deux mois suivant la r\u00e9ception de votre courrier.<br \/>\nVotre demande doit \u00eatre faite par \u00e9crit \u00e0 l\u2019adresse suivante : SARL IMPARTIAL SOFTWARE &#8211; La LONGANIERE (MARIGNE) &#8211; 49330 LES HAUTS D&rsquo;ANJOU<\/p>\n<p>Vous pouvez exercer ce droit en vous r\u00e9f\u00e9rant aux recommandations de la CNIL que vous trouverez ici.<\/p>\n","protected":false},"excerpt":{"rendered":"<p>Politique de confidentialit\u00e9 Derni\u00e8re mise \u00e0 jour : 25 mai 2018 Objet : La pr\u00e9sente politique de confidentialit\u00e9 s\u2019applique au site internet de la soci\u00e9t\u00e9 IMPARTIAL SOFTWARE, accessible \u00e0 partir de l\u2019URL https:\/\/impartial-software.com ainsi qu\u2019au service administratif de la dite association. Conform\u00e9ment au R\u00e8glement G\u00e9n\u00e9ral sur la Protection des Donn\u00e9es adopt\u00e9 par le Parlement europ\u00e9en le 14 [&hellip;]<\/p>\n","protected":false},"author":1,"featured_media":0,"parent":0,"menu_order":0,"comment_status":"closed","ping_status":"closed","template":"templates\/template-full-width.php","meta":{"footnotes":""},"aioseo_notices":[],"_links":{"self":[{"href":"https:\/\/impartial-software.com\/iswp2017\/wp-json\/wp\/v2\/pages\/614"}],"collection":[{"href":"https:\/\/impartial-software.com\/iswp2017\/wp-json\/wp\/v2\/pages"}],"about":[{"href":"https:\/\/impartial-software.com\/iswp2017\/wp-json\/wp\/v2\/types\/page"}],"author":[{"embeddable":true,"href":"https:\/\/impartial-software.com\/iswp2017\/wp-json\/wp\/v2\/users\/1"}],"replies":[{"embeddable":true,"href":"https:\/\/impartial-software.com\/iswp2017\/wp-json\/wp\/v2\/comments?post=614"}],"version-history":[{"count":2,"href":"https:\/\/impartial-software.com\/iswp2017\/wp-json\/wp\/v2\/pages\/614\/revisions"}],"predecessor-version":[{"id":754,"href":"https:\/\/impartial-software.com\/iswp2017\/wp-json\/wp\/v2\/pages\/614\/revisions\/754"}],"wp:attachment":[{"href":"https:\/\/impartial-software.com\/iswp2017\/wp-json\/wp\/v2\/media?parent=614"}],"curies":[{"name":"wp","href":"https:\/\/api.w.org\/{rel}","templated":true}]}}