{"id":266,"date":"2017-07-06T08:49:53","date_gmt":"2017-07-06T06:49:53","guid":{"rendered":"http:\/\/impartial-software.com\/iswp2017\/?page_id=266"},"modified":"2017-10-19T18:26:48","modified_gmt":"2017-10-19T16:26:48","slug":"gestion-des-echantillons","status":"publish","type":"page","link":"http:\/\/impartial-software.com\/iswp2017\/gestion-des-echantillons\/","title":{"rendered":"Gestion des \u00e9chantillons d&rsquo;analyse amiante"},"content":{"rendered":"<h4><span style=\"font-size: 14pt;\">Avec DS8 Gagnez en fiabilit\u00e9 et rapidit\u00e9, g\u00e9rez vos \u00e9chantillons d&rsquo;analyse automatiquement par l&rsquo;EDI avec votre laboratoire d&rsquo;analyse<\/span><\/h4>\n<p>En premier lieu, le plus important dans le traitement des \u00e9chantillons est de r\u00e9duire au maximum le temps pass\u00e9 \u00e0 leur gestion. Par cons\u00e9quent tous ce qui peut \u00eatre automatis\u00e9 sans compromettre l&rsquo;exactitude des r\u00e9sultats sera \u00e0 prendre en consid\u00e9ration. Ainsi, l&rsquo;interface Edi Eurofins transmet la liste des \u00e9chantillons \u00e0 EUROFINS, puis lorsque les r\u00e9sultats d&rsquo;analyse sont disponibles, L&rsquo;EDI les int\u00e8gre dans les rep\u00e9rages, le croquis et les PV d&rsquo;analyses. Finalement il ne vous reste plus qu&rsquo;\u00e0 g\u00e9n\u00e9rer votre rapport sans autre intervention sur le diagnostic r\u00e9alis\u00e9.<\/p>\n<p><a href=\"https:\/\/www.eurofins.fr\/\" target=\"_blank\" rel=\"noopener\"><img decoding=\"async\" loading=\"lazy\" class=\" wp-image-268 alignright\" src=\"http:\/\/impartial-software.com\/iswp2017\/wp-content\/uploads\/2017\/07\/eurofins-300x60.jpg\" alt=\"\" width=\"210\" height=\"42\" srcset=\"http:\/\/impartial-software.com\/iswp2017\/wp-content\/uploads\/2017\/07\/eurofins-300x60.jpg 300w, http:\/\/impartial-software.com\/iswp2017\/wp-content\/uploads\/2017\/07\/eurofins.jpg 349w\" sizes=\"(max-width: 210px) 100vw, 210px\" \/><\/a>En conclusion, si vous \u00eates un client du laboratoire d&rsquo;analyses Eurofins, vous pouvez <strong>g\u00e9rer automatiquement<\/strong> les \u00e9changes de donn\u00e9es avec votre laboratoire par l&rsquo;interm\u00e9diaire de l&rsquo;interface \u00ab\u00a0Edi Eurofins\u00a0\u00bb.<\/p>\n<p>Cela inclut :<\/p>\n<ul>\n<li>la cr\u00e9ation de la commande Eurofins \u00e0 partir d&rsquo;une s\u00e9lection d&rsquo;\u00e9chantillon pr\u00eats \u00e0 \u00eatre exp\u00e9di\u00e9s ;<\/li>\n<li>Commander un traitement prioritaire de la commande (attention, tarification sp\u00e9cial chez Eurofins)<\/li>\n<li>l&rsquo;impression de la fiche d&rsquo;accompagnement des \u00e9chantillons\u00a0(\u00e0 joindre lors de l&rsquo;exp\u00e9dition des \u00e9chantillons) ;<\/li>\n<li>la r\u00e9ception des r\u00e9sultats d&rsquo;analyse ;<\/li>\n<li>la r\u00e9ception des r\u00e9sultats au format PDF ;<\/li>\n<li>l&rsquo;identification automatique du nom et de l&rsquo;adresse du laboratoire avec lequel vous \u00eates en relation ;<\/li>\n<li>l&rsquo;int\u00e9gration automatique des r\u00e9sultats d&rsquo;analyse dans votre rapport de rep\u00e9rage ;<\/li>\n<li>l&rsquo;int\u00e9gration automatique des fiches de r\u00e9sultats dans les rapports.<\/li>\n<\/ul>\n<p>&nbsp;<\/p>\n","protected":false},"excerpt":{"rendered":"<p>Avec DS8 Gagnez en fiabilit\u00e9 et rapidit\u00e9, g\u00e9rez vos \u00e9chantillons d&rsquo;analyse automatiquement par l&rsquo;EDI avec votre laboratoire d&rsquo;analyse En premier lieu, le plus important dans le traitement des \u00e9chantillons est de r\u00e9duire au maximum le temps pass\u00e9 \u00e0 leur gestion. Par cons\u00e9quent tous ce qui peut \u00eatre automatis\u00e9 sans compromettre l&rsquo;exactitude des r\u00e9sultats sera \u00e0 prendre en [&hellip;]<\/p>\n","protected":false},"author":1,"featured_media":0,"parent":0,"menu_order":0,"comment_status":"closed","ping_status":"closed","template":"","meta":{"footnotes":""},"aioseo_notices":[],"_links":{"self":[{"href":"http:\/\/impartial-software.com\/iswp2017\/wp-json\/wp\/v2\/pages\/266"}],"collection":[{"href":"http:\/\/impartial-software.com\/iswp2017\/wp-json\/wp\/v2\/pages"}],"about":[{"href":"http:\/\/impartial-software.com\/iswp2017\/wp-json\/wp\/v2\/types\/page"}],"author":[{"embeddable":true,"href":"http:\/\/impartial-software.com\/iswp2017\/wp-json\/wp\/v2\/users\/1"}],"replies":[{"embeddable":true,"href":"http:\/\/impartial-software.com\/iswp2017\/wp-json\/wp\/v2\/comments?post=266"}],"version-history":[{"count":15,"href":"http:\/\/impartial-software.com\/iswp2017\/wp-json\/wp\/v2\/pages\/266\/revisions"}],"predecessor-version":[{"id":354,"href":"http:\/\/impartial-software.com\/iswp2017\/wp-json\/wp\/v2\/pages\/266\/revisions\/354"}],"wp:attachment":[{"href":"http:\/\/impartial-software.com\/iswp2017\/wp-json\/wp\/v2\/media?parent=266"}],"curies":[{"name":"wp","href":"https:\/\/api.w.org\/{rel}","templated":true}]}}